{"id":420,"date":"2023-11-30T18:21:15","date_gmt":"2023-11-30T18:21:15","guid":{"rendered":"https:\/\/doristravels.com\/?page_id=420"},"modified":"2023-12-05T01:18:37","modified_gmt":"2023-12-05T01:18:37","slug":"blog","status":"publish","type":"page","link":"https:\/\/doristravels.com\/en\/blog\/","title":{"rendered":"Blog"},"content":{"rendered":"<div data-elementor-type=\"wp-page\" data-elementor-id=\"420\" class=\"elementor elementor-420\" data-elementor-post-type=\"page\">\n\t\t\t\t\t\t<section class=\"elementor-section elementor-top-section elementor-element elementor-element-1e3554ba elementor-section-boxed elementor-section-height-default elementor-section-height-default\" data-id=\"1e3554ba\" data-element_type=\"section\" data-settings=\"{&quot;background_background&quot;:&quot;classic&quot;}\">\n\t\t\t\t\t\t\t<div class=\"elementor-background-overlay\"><\/div>\n\t\t\t\t\t\t\t<div class=\"elementor-container elementor-column-gap-no\">\n\t\t\t\t\t<div class=\"elementor-column elementor-col-100 elementor-top-column elementor-element elementor-element-919ec3e\" data-id=\"919ec3e\" data-element_type=\"column\">\n\t\t\t<div class=\"elementor-widget-wrap elementor-element-populated\">\n\t\t\t\t\t\t\t<\/div>\n\t\t<\/div>\n\t\t\t\t\t<\/div>\n\t\t<\/section>\n\t\t\t\t<section class=\"elementor-section elementor-top-section elementor-element elementor-element-54a30d09 elementor-section-boxed elementor-section-height-default elementor-section-height-default\" data-id=\"54a30d09\" data-element_type=\"section\" data-settings=\"{&quot;background_background&quot;:&quot;classic&quot;}\">\n\t\t\t\t\t\t<div class=\"elementor-container elementor-column-gap-default\">\n\t\t\t\t\t<div class=\"elementor-column elementor-col-100 elementor-top-column elementor-element elementor-element-1537a09e\" data-id=\"1537a09e\" data-element_type=\"column\">\n\t\t\t<div class=\"elementor-widget-wrap elementor-element-populated\">\n\t\t\t\t\t\t<div class=\"elementor-element elementor-element-c2d81e2 elementor-widget elementor-widget-spacer\" data-id=\"c2d81e2\" data-element_type=\"widget\" data-widget_type=\"spacer.default\">\n\t\t\t\t<div class=\"elementor-widget-container\">\n\t\t\t\t\t\t\t<div class=\"elementor-spacer\">\n\t\t\t<div class=\"elementor-spacer-inner\"><\/div>\n\t\t<\/div>\n\t\t\t\t\t\t<\/div>\n\t\t\t\t<\/div>\n\t\t\t\t\t<\/div>\n\t\t<\/div>\n\t\t\t\t\t<\/div>\n\t\t<\/section>\n\t\t\t\t<section class=\"elementor-section elementor-top-section elementor-element elementor-element-76fb5857 elementor-section-boxed elementor-section-height-default elementor-section-height-default\" data-id=\"76fb5857\" data-element_type=\"section\">\n\t\t\t\t\t\t<div class=\"elementor-container elementor-column-gap-no\">\n\t\t\t\t\t<div class=\"elementor-column elementor-col-50 elementor-top-column elementor-element elementor-element-60c3cb7d\" data-id=\"60c3cb7d\" data-element_type=\"column\">\n\t\t\t<div class=\"elementor-widget-wrap elementor-element-populated\">\n\t\t\t\t\t\t<div class=\"elementor-element elementor-element-12d4266 elementor-grid-1 elementor-grid-tablet-2 elementor-grid-mobile-1 elementor-posts--thumbnail-top elementor-card-shadow-yes elementor-posts__hover-gradient elementor-widget elementor-widget-posts\" data-id=\"12d4266\" data-element_type=\"widget\" data-settings=\"{&quot;cards_columns&quot;:&quot;1&quot;,&quot;pagination_type&quot;:&quot;numbers&quot;,&quot;cards_columns_tablet&quot;:&quot;2&quot;,&quot;cards_columns_mobile&quot;:&quot;1&quot;,&quot;cards_row_gap&quot;:{&quot;unit&quot;:&quot;px&quot;,&quot;size&quot;:35,&quot;sizes&quot;:[]},&quot;cards_row_gap_tablet&quot;:{&quot;unit&quot;:&quot;px&quot;,&quot;size&quot;:&quot;&quot;,&quot;sizes&quot;:[]},&quot;cards_row_gap_mobile&quot;:{&quot;unit&quot;:&quot;px&quot;,&quot;size&quot;:&quot;&quot;,&quot;sizes&quot;:[]}}\" data-widget_type=\"posts.cards\">\n\t\t\t\t<div class=\"elementor-widget-container\">\n\t\t\t\t\t\t\t<div class=\"elementor-posts-container elementor-posts elementor-posts--skin-cards elementor-grid\">\n\t\t\t\t<article class=\"elementor-post elementor-grid-item post-539 post type-post status-publish format-standard has-post-thumbnail hentry category-viajes entry\">\n\t\t\t<div class=\"elementor-post__card\">\n\t\t\t\t<a class=\"elementor-post__thumbnail__link\" href=\"https:\/\/doristravels.com\/en\/tips-de-seguridad-para-viajeros\/\" tabindex=\"-1\" ><div class=\"elementor-post__thumbnail\"><img fetchpriority=\"high\" decoding=\"async\" width=\"960\" height=\"636\" src=\"https:\/\/doristravels.com\/wp-content\/uploads\/2023\/12\/jeshoots-com-mSESwdMZr-A-unsplash-scaled-1.webp\" class=\"attachment-full size-full wp-image-540\" alt=\"\" srcset=\"https:\/\/doristravels.com\/wp-content\/uploads\/2023\/12\/jeshoots-com-mSESwdMZr-A-unsplash-scaled-1.webp 960w, https:\/\/doristravels.com\/wp-content\/uploads\/2023\/12\/jeshoots-com-mSESwdMZr-A-unsplash-scaled-1-300x199.webp 300w, https:\/\/doristravels.com\/wp-content\/uploads\/2023\/12\/jeshoots-com-mSESwdMZr-A-unsplash-scaled-1-768x509.webp 768w, https:\/\/doristravels.com\/wp-content\/uploads\/2023\/12\/jeshoots-com-mSESwdMZr-A-unsplash-scaled-1-600x398.webp 600w\" sizes=\"(max-width: 960px) 100vw, 960px\" style=\"width:100%;height:66.25%;max-width:960px;\" \/><\/div><\/a>\n\t\t\t\t<div class=\"elementor-post__badge\">Viajes<\/div>\n\t\t\t\t<div class=\"elementor-post__text\">\n\t\t\t\t<h3 class=\"elementor-post__title\">\n\t\t\t<a href=\"https:\/\/doristravels.com\/en\/tips-de-seguridad-para-viajeros\/\" >\n\t\t\t\tTips de seguridad para Viajeros\t\t\t<\/a>\n\t\t<\/h3>\n\t\t\t\t<div class=\"elementor-post__excerpt\">\n\t\t\t<p>Es seguramente el consejo de seguridad que m\u00e1s relevancia puede tener al momento de presentar alg\u00fan momento de tensi\u00f3n o de riesgo. Siempre la precauci\u00f3n es un elemento de rigor cuando se trata de explorar nuevos confines del mundo. Para que tu experiencia como Viajero se convierta en un momento<\/p>\n\t\t<\/div>\n\t\t\n\t\t<a class=\"elementor-post__read-more\" href=\"https:\/\/doristravels.com\/en\/tips-de-seguridad-para-viajeros\/\" aria-label=\"Read more about Tips de seguridad para Viajeros\" tabindex=\"-1\" >\n\t\t\tRead More \u00bb\t\t<\/a>\n\n\t\t\t\t<\/div>\n\t\t\t\t<div class=\"elementor-post__meta-data\">\n\t\t\t\t\t<span class=\"elementor-post-date\">\n\t\t\tDecember 5, 2023\t\t<\/span>\n\t\t\t\t<span class=\"elementor-post-avatar\">\n\t\t\tNo Comments\t\t<\/span>\n\t\t\t\t<\/div>\n\t\t\t\t\t<\/div>\n\t\t<\/article>\n\t\t\t\t<article class=\"elementor-post elementor-grid-item post-527 post type-post status-publish format-standard has-post-thumbnail hentry category-viajes entry\">\n\t\t\t<div class=\"elementor-post__card\">\n\t\t\t\t<a class=\"elementor-post__thumbnail__link\" href=\"https:\/\/doristravels.com\/en\/viajar-es-bueno-para-la-salud\/\" tabindex=\"-1\" ><div class=\"elementor-post__thumbnail\"><img decoding=\"async\" width=\"960\" height=\"636\" src=\"https:\/\/doristravels.com\/wp-content\/uploads\/2023\/12\/pexels-andrea-piacquadio-845457-scaled-1.webp\" class=\"attachment-full size-full wp-image-528\" alt=\"\" srcset=\"https:\/\/doristravels.com\/wp-content\/uploads\/2023\/12\/pexels-andrea-piacquadio-845457-scaled-1.webp 960w, https:\/\/doristravels.com\/wp-content\/uploads\/2023\/12\/pexels-andrea-piacquadio-845457-scaled-1-300x199.webp 300w, https:\/\/doristravels.com\/wp-content\/uploads\/2023\/12\/pexels-andrea-piacquadio-845457-scaled-1-768x509.webp 768w, https:\/\/doristravels.com\/wp-content\/uploads\/2023\/12\/pexels-andrea-piacquadio-845457-scaled-1-600x398.webp 600w\" sizes=\"(max-width: 960px) 100vw, 960px\" style=\"width:100%;height:66.25%;max-width:960px;\" \/><\/div><\/a>\n\t\t\t\t<div class=\"elementor-post__badge\">Viajes<\/div>\n\t\t\t\t<div class=\"elementor-post__text\">\n\t\t\t\t<h3 class=\"elementor-post__title\">\n\t\t\t<a href=\"https:\/\/doristravels.com\/en\/viajar-es-bueno-para-la-salud\/\" >\n\t\t\t\tViajar es bueno para la salud\t\t\t<\/a>\n\t\t<\/h3>\n\t\t\t\t<div class=\"elementor-post__excerpt\">\n\t\t\t<p>Seg\u00fan estudios se dice que el coraz\u00f3n y el cerebro funcionan mejor cuando se viaja. De igual manera se dice que es un antidepresivo natural y adem\u00e1s que recorrer el mundo puede reducir los riesgos de enfermedades cardiacas. Es decir que viajar te hace m\u00e1s feliz. Ayuda a tu cerebro<\/p>\n\t\t<\/div>\n\t\t\n\t\t<a class=\"elementor-post__read-more\" href=\"https:\/\/doristravels.com\/en\/viajar-es-bueno-para-la-salud\/\" aria-label=\"Read more about Viajar es bueno para la salud\" tabindex=\"-1\" >\n\t\t\tRead More \u00bb\t\t<\/a>\n\n\t\t\t\t<\/div>\n\t\t\t\t<div class=\"elementor-post__meta-data\">\n\t\t\t\t\t<span class=\"elementor-post-date\">\n\t\t\tDecember 5, 2023\t\t<\/span>\n\t\t\t\t<span class=\"elementor-post-avatar\">\n\t\t\tNo Comments\t\t<\/span>\n\t\t\t\t<\/div>\n\t\t\t\t\t<\/div>\n\t\t<\/article>\n\t\t\t\t<\/div>\n\t\t\n\t\t\t\t<div class=\"e-load-more-anchor\" data-page=\"1\" data-max-page=\"2\" data-next-page=\"https:\/\/doristravels.com\/en\/wp-json\/wp\/v2\/pages\/420\/page\/2\/\"><\/div>\n\t\t\t\t<nav class=\"elementor-pagination\" aria-label=\"Pagination\">\n\t\t\t<span aria-current=\"page\" class=\"page-numbers current\"><span class=\"elementor-screen-only\">Page<\/span>1<\/span>\n<a class=\"page-numbers\" href=\"https:\/\/doristravels.com\/en\/wp-json\/wp\/v2\/pages\/420\/page\/2\/\"><span class=\"elementor-screen-only\">Page<\/span>2<\/a>\t\t<\/nav>\n\t\t\t\t\t\t<\/div>\n\t\t\t\t<\/div>\n\t\t\t\t\t<\/div>\n\t\t<\/div>\n\t\t\t\t<div class=\"elementor-column elementor-col-50 elementor-top-column elementor-element elementor-element-40785ec5\" data-id=\"40785ec5\" data-element_type=\"column\">\n\t\t\t<div class=\"elementor-widget-wrap elementor-element-populated\">\n\t\t\t\t\t\t<section class=\"elementor-section elementor-inner-section elementor-element elementor-element-6a82f18c elementor-section-boxed elementor-section-height-default elementor-section-height-default\" data-id=\"6a82f18c\" data-element_type=\"section\">\n\t\t\t\t\t\t<div class=\"elementor-container elementor-column-gap-no\">\n\t\t\t\t\t<div class=\"elementor-column elementor-col-100 elementor-inner-column elementor-element elementor-element-7742df4c\" data-id=\"7742df4c\" data-element_type=\"column\">\n\t\t\t<div class=\"elementor-widget-wrap elementor-element-populated\">\n\t\t\t\t\t\t<div class=\"elementor-element elementor-element-53098fc1 elementor-widget elementor-widget-heading\" data-id=\"53098fc1\" data-element_type=\"widget\" data-widget_type=\"heading.default\">\n\t\t\t\t<div class=\"elementor-widget-container\">\n\t\t\t\t\t<h6 class=\"elementor-heading-title elementor-size-default\">QUI\u00c9NES SOMOS<\/h6>\t\t\t\t<\/div>\n\t\t\t\t<\/div>\n\t\t\t\t<div class=\"elementor-element elementor-element-18c68734 elementor-position-top elementor-widget elementor-widget-image-box\" data-id=\"18c68734\" data-element_type=\"widget\" data-widget_type=\"image-box.default\">\n\t\t\t\t<div class=\"elementor-widget-container\">\n\t\t\t\t\t<div class=\"elementor-image-box-wrapper\"><figure class=\"elementor-image-box-img\"><a href=\"https:\/\/doristravels.com\/en\/quienes-somos\/\" tabindex=\"-1\"><img decoding=\"async\" width=\"150\" height=\"150\" src=\"https:\/\/doristravels.com\/wp-content\/uploads\/2023\/11\/LOGO-DORIS-TRAVEL-150x150.png\" class=\"attachment-thumbnail size-thumbnail wp-image-429\" alt=\"\" style=\"width:100%;height:100%;max-width:300px\" srcset=\"https:\/\/doristravels.com\/wp-content\/uploads\/2023\/11\/LOGO-DORIS-TRAVEL-150x150.png 150w, https:\/\/doristravels.com\/wp-content\/uploads\/2023\/11\/LOGO-DORIS-TRAVEL-100x100.png 100w, https:\/\/doristravels.com\/wp-content\/uploads\/2023\/11\/LOGO-DORIS-TRAVEL.png 300w\" sizes=\"(max-width: 150px) 100vw, 150px\" \/><\/a><\/figure><div class=\"elementor-image-box-content\"><h4 class=\"elementor-image-box-title\"><a href=\"https:\/\/doristravels.com\/en\/quienes-somos\/\">Doris Travels and Tours<\/a><\/h4><p class=\"elementor-image-box-description\">Doris Travel and Tours es una empresa multiservicios especializada en atender a la comunidad hispano-latina de East Boston. <\/p><\/div><\/div>\t\t\t\t<\/div>\n\t\t\t\t<\/div>\n\t\t\t\t<div class=\"elementor-element elementor-element-95a3371 elementor-shape-square elementor-grid-0 e-grid-align-center elementor-widget elementor-widget-social-icons\" data-id=\"95a3371\" data-element_type=\"widget\" data-widget_type=\"social-icons.default\">\n\t\t\t\t<div class=\"elementor-widget-container\">\n\t\t\t\t\t\t\t<div class=\"elementor-social-icons-wrapper elementor-grid\">\n\t\t\t\t\t\t\t<span class=\"elementor-grid-item\">\n\t\t\t\t\t<a class=\"elementor-icon elementor-social-icon elementor-social-icon-facebook-f elementor-repeater-item-320e991\" href=\"#\" target=\"_blank\">\n\t\t\t\t\t\t<span class=\"elementor-screen-only\">Facebook-f<\/span>\n\t\t\t\t\t\t<i class=\"fab fa-facebook-f\"><\/i>\t\t\t\t\t<\/a>\n\t\t\t\t<\/span>\n\t\t\t\t\t\t\t<span class=\"elementor-grid-item\">\n\t\t\t\t\t<a class=\"elementor-icon elementor-social-icon elementor-social-icon-twitter elementor-repeater-item-1491259\" href=\"#\" target=\"_blank\">\n\t\t\t\t\t\t<span class=\"elementor-screen-only\">Twitter<\/span>\n\t\t\t\t\t\t<i class=\"fab fa-twitter\"><\/i>\t\t\t\t\t<\/a>\n\t\t\t\t<\/span>\n\t\t\t\t\t\t\t<span class=\"elementor-grid-item\">\n\t\t\t\t\t<a class=\"elementor-icon elementor-social-icon elementor-social-icon-google elementor-repeater-item-8206083\" href=\"#\" target=\"_blank\">\n\t\t\t\t\t\t<span class=\"elementor-screen-only\">Google<\/span>\n\t\t\t\t\t\t<i class=\"fab fa-google\"><\/i>\t\t\t\t\t<\/a>\n\t\t\t\t<\/span>\n\t\t\t\t\t\t\t<span class=\"elementor-grid-item\">\n\t\t\t\t\t<a class=\"elementor-icon elementor-social-icon elementor-social-icon-instagram elementor-repeater-item-5cb7115\" href=\"#\" target=\"_blank\">\n\t\t\t\t\t\t<span class=\"elementor-screen-only\">Instagram<\/span>\n\t\t\t\t\t\t<i class=\"fab fa-instagram\"><\/i>\t\t\t\t\t<\/a>\n\t\t\t\t<\/span>\n\t\t\t\t\t\t\t<span class=\"elementor-grid-item\">\n\t\t\t\t\t<a class=\"elementor-icon elementor-social-icon elementor-social-icon-pinterest elementor-repeater-item-dccfaf9\" href=\"#\" target=\"_blank\">\n\t\t\t\t\t\t<span class=\"elementor-screen-only\">Pinterest<\/span>\n\t\t\t\t\t\t<i class=\"fab fa-pinterest\"><\/i>\t\t\t\t\t<\/a>\n\t\t\t\t<\/span>\n\t\t\t\t\t<\/div>\n\t\t\t\t\t\t<\/div>\n\t\t\t\t<\/div>\n\t\t\t\t\t<\/div>\n\t\t<\/div>\n\t\t\t\t\t<\/div>\n\t\t<\/section>\n\t\t\t\t<section class=\"elementor-section elementor-inner-section elementor-element elementor-element-a231d1 elementor-section-boxed elementor-section-height-default elementor-section-height-default\" data-id=\"a231d1\" data-element_type=\"section\">\n\t\t\t\t\t\t<div class=\"elementor-container elementor-column-gap-no\">\n\t\t\t\t\t<div class=\"elementor-column elementor-col-100 elementor-inner-column elementor-element elementor-element-2b2e902\" data-id=\"2b2e902\" data-element_type=\"column\">\n\t\t\t<div class=\"elementor-widget-wrap elementor-element-populated\">\n\t\t\t\t\t\t<div class=\"elementor-element elementor-element-730d683b elementor-widget elementor-widget-heading\" data-id=\"730d683b\" data-element_type=\"widget\" data-widget_type=\"heading.default\">\n\t\t\t\t<div class=\"elementor-widget-container\">\n\t\t\t\t\t<h6 class=\"elementor-heading-title elementor-size-default\">ART\u00cdCULOS RECIENTES<\/h6>\t\t\t\t<\/div>\n\t\t\t\t<\/div>\n\t\t\t\t<div class=\"elementor-element elementor-element-68c9cd52 elementor-grid-1 elementor-posts--thumbnail-left elementor-posts--align-left elementor-grid-tablet-2 elementor-grid-mobile-1 elementor-widget elementor-widget-posts\" data-id=\"68c9cd52\" data-element_type=\"widget\" data-settings=\"{&quot;classic_columns&quot;:&quot;1&quot;,&quot;classic_row_gap&quot;:{&quot;unit&quot;:&quot;px&quot;,&quot;size&quot;:30,&quot;sizes&quot;:[]},&quot;classic_columns_tablet&quot;:&quot;2&quot;,&quot;classic_columns_mobile&quot;:&quot;1&quot;,&quot;classic_row_gap_tablet&quot;:{&quot;unit&quot;:&quot;px&quot;,&quot;size&quot;:&quot;&quot;,&quot;sizes&quot;:[]},&quot;classic_row_gap_mobile&quot;:{&quot;unit&quot;:&quot;px&quot;,&quot;size&quot;:&quot;&quot;,&quot;sizes&quot;:[]}}\" data-widget_type=\"posts.classic\">\n\t\t\t\t<div class=\"elementor-widget-container\">\n\t\t\t\t\t\t\t<div class=\"elementor-posts-container elementor-posts elementor-posts--skin-classic elementor-grid\">\n\t\t\t\t<article class=\"elementor-post elementor-grid-item post-503 post type-post status-publish format-standard has-post-thumbnail hentry category-viajes entry\">\n\t\t\t\t<a class=\"elementor-post__thumbnail__link\" href=\"https:\/\/doristravels.com\/en\/conoce-los-mejores-lugares-para-visitar-en-madrid\/\" tabindex=\"-1\" >\n\t\t\t<div class=\"elementor-post__thumbnail\"><img loading=\"lazy\" decoding=\"async\" width=\"300\" height=\"199\" src=\"https:\/\/doristravels.com\/wp-content\/uploads\/2023\/12\/madrid-385104_1920-300x199.webp\" class=\"attachment-medium size-medium wp-image-504\" alt=\"\" style=\"width:100%;height:66.25%;max-width:960px\" srcset=\"https:\/\/doristravels.com\/wp-content\/uploads\/2023\/12\/madrid-385104_1920-300x199.webp 300w, https:\/\/doristravels.com\/wp-content\/uploads\/2023\/12\/madrid-385104_1920-768x509.webp 768w, https:\/\/doristravels.com\/wp-content\/uploads\/2023\/12\/madrid-385104_1920-600x398.webp 600w, https:\/\/doristravels.com\/wp-content\/uploads\/2023\/12\/madrid-385104_1920.webp 960w\" sizes=\"(max-width: 300px) 100vw, 300px\" \/><\/div>\n\t\t<\/a>\n\t\t\t\t<div class=\"elementor-post__text\">\n\t\t\t\t<h4 class=\"elementor-post__title\">\n\t\t\t<a href=\"https:\/\/doristravels.com\/en\/conoce-los-mejores-lugares-para-visitar-en-madrid\/\" >\n\t\t\t\tConoce los mejores lugares para visitar en Madrid\t\t\t<\/a>\n\t\t<\/h4>\n\t\t\t\t<div class=\"elementor-post__meta-data\">\n\t\t\t\t\t<span class=\"elementor-post-date\">\n\t\t\tDecember 5, 2023\t\t<\/span>\n\t\t\t\t<span class=\"elementor-post-avatar\">\n\t\t\tNo Comments\t\t<\/span>\n\t\t\t\t<\/div>\n\t\t\t\t<\/div>\n\t\t\t\t<\/article>\n\t\t\t\t<article class=\"elementor-post elementor-grid-item post-527 post type-post status-publish format-standard has-post-thumbnail hentry category-viajes entry\">\n\t\t\t\t<a class=\"elementor-post__thumbnail__link\" href=\"https:\/\/doristravels.com\/en\/viajar-es-bueno-para-la-salud\/\" tabindex=\"-1\" >\n\t\t\t<div class=\"elementor-post__thumbnail\"><img loading=\"lazy\" decoding=\"async\" width=\"300\" height=\"199\" src=\"https:\/\/doristravels.com\/wp-content\/uploads\/2023\/12\/pexels-andrea-piacquadio-845457-scaled-1-300x199.webp\" class=\"attachment-medium size-medium wp-image-528\" alt=\"\" style=\"width:100%;height:66.25%;max-width:960px\" srcset=\"https:\/\/doristravels.com\/wp-content\/uploads\/2023\/12\/pexels-andrea-piacquadio-845457-scaled-1-300x199.webp 300w, https:\/\/doristravels.com\/wp-content\/uploads\/2023\/12\/pexels-andrea-piacquadio-845457-scaled-1-768x509.webp 768w, https:\/\/doristravels.com\/wp-content\/uploads\/2023\/12\/pexels-andrea-piacquadio-845457-scaled-1-600x398.webp 600w, https:\/\/doristravels.com\/wp-content\/uploads\/2023\/12\/pexels-andrea-piacquadio-845457-scaled-1.webp 960w\" sizes=\"(max-width: 300px) 100vw, 300px\" \/><\/div>\n\t\t<\/a>\n\t\t\t\t<div class=\"elementor-post__text\">\n\t\t\t\t<h4 class=\"elementor-post__title\">\n\t\t\t<a href=\"https:\/\/doristravels.com\/en\/viajar-es-bueno-para-la-salud\/\" >\n\t\t\t\tViajar es bueno para la salud\t\t\t<\/a>\n\t\t<\/h4>\n\t\t\t\t<div class=\"elementor-post__meta-data\">\n\t\t\t\t\t<span class=\"elementor-post-date\">\n\t\t\tDecember 5, 2023\t\t<\/span>\n\t\t\t\t<span class=\"elementor-post-avatar\">\n\t\t\tNo Comments\t\t<\/span>\n\t\t\t\t<\/div>\n\t\t\t\t<\/div>\n\t\t\t\t<\/article>\n\t\t\t\t<article class=\"elementor-post elementor-grid-item post-539 post type-post status-publish format-standard has-post-thumbnail hentry category-viajes entry\">\n\t\t\t\t<a class=\"elementor-post__thumbnail__link\" href=\"https:\/\/doristravels.com\/en\/tips-de-seguridad-para-viajeros\/\" tabindex=\"-1\" >\n\t\t\t<div class=\"elementor-post__thumbnail\"><img loading=\"lazy\" decoding=\"async\" width=\"300\" height=\"199\" src=\"https:\/\/doristravels.com\/wp-content\/uploads\/2023\/12\/jeshoots-com-mSESwdMZr-A-unsplash-scaled-1-300x199.webp\" class=\"attachment-medium size-medium wp-image-540\" alt=\"\" style=\"width:100%;height:66.25%;max-width:960px\" srcset=\"https:\/\/doristravels.com\/wp-content\/uploads\/2023\/12\/jeshoots-com-mSESwdMZr-A-unsplash-scaled-1-300x199.webp 300w, https:\/\/doristravels.com\/wp-content\/uploads\/2023\/12\/jeshoots-com-mSESwdMZr-A-unsplash-scaled-1-768x509.webp 768w, https:\/\/doristravels.com\/wp-content\/uploads\/2023\/12\/jeshoots-com-mSESwdMZr-A-unsplash-scaled-1-600x398.webp 600w, https:\/\/doristravels.com\/wp-content\/uploads\/2023\/12\/jeshoots-com-mSESwdMZr-A-unsplash-scaled-1.webp 960w\" sizes=\"(max-width: 300px) 100vw, 300px\" \/><\/div>\n\t\t<\/a>\n\t\t\t\t<div class=\"elementor-post__text\">\n\t\t\t\t<h4 class=\"elementor-post__title\">\n\t\t\t<a href=\"https:\/\/doristravels.com\/en\/tips-de-seguridad-para-viajeros\/\" >\n\t\t\t\tTips de seguridad para Viajeros\t\t\t<\/a>\n\t\t<\/h4>\n\t\t\t\t<div class=\"elementor-post__meta-data\">\n\t\t\t\t\t<span class=\"elementor-post-date\">\n\t\t\tDecember 5, 2023\t\t<\/span>\n\t\t\t\t<span class=\"elementor-post-avatar\">\n\t\t\tNo Comments\t\t<\/span>\n\t\t\t\t<\/div>\n\t\t\t\t<\/div>\n\t\t\t\t<\/article>\n\t\t\t\t<\/div>\n\t\t\n\t\t\t\t\t\t<\/div>\n\t\t\t\t<\/div>\n\t\t\t\t\t<\/div>\n\t\t<\/div>\n\t\t\t\t\t<\/div>\n\t\t<\/section>\n\t\t\t\t<section class=\"elementor-section elementor-inner-section elementor-element elementor-element-bc650b4 elementor-section-boxed elementor-section-height-default elementor-section-height-default\" data-id=\"bc650b4\" data-element_type=\"section\">\n\t\t\t\t\t\t<div class=\"elementor-container elementor-column-gap-no\">\n\t\t\t\t\t<div class=\"elementor-column elementor-col-100 elementor-inner-column elementor-element elementor-element-7ec7cc42\" data-id=\"7ec7cc42\" data-element_type=\"column\">\n\t\t\t<div class=\"elementor-widget-wrap elementor-element-populated\">\n\t\t\t\t\t\t<div class=\"elementor-element elementor-element-6df56f16 elementor-widget elementor-widget-heading\" data-id=\"6df56f16\" data-element_type=\"widget\" data-widget_type=\"heading.default\">\n\t\t\t\t<div class=\"elementor-widget-container\">\n\t\t\t\t\t<h6 class=\"elementor-heading-title elementor-size-default\">ESCR\u00cdBENOS<\/h6>\t\t\t\t<\/div>\n\t\t\t\t<\/div>\n\t\t\t\t<div class=\"elementor-element elementor-element-1b535c32 elementor-grid-1 elementor-share-buttons--view-icon-text elementor-share-buttons--skin-gradient elementor-share-buttons--shape-square elementor-share-buttons--color-official elementor-widget elementor-widget-share-buttons\" data-id=\"1b535c32\" data-element_type=\"widget\" data-settings=\"{&quot;share_url&quot;:{&quot;url&quot;:&quot;https:\\\/\\\/web.whatsapp.com\\\/send?phone=18572667738&amp;text=Bienvenido&quot;,&quot;is_external&quot;:&quot;&quot;,&quot;nofollow&quot;:&quot;&quot;,&quot;custom_attributes&quot;:&quot;&quot;}}\" data-widget_type=\"share-buttons.default\">\n\t\t\t\t<div class=\"elementor-widget-container\">\n\t\t\t\t\t\t\t<div class=\"elementor-grid\">\n\t\t\t\t\t\t\t\t<div class=\"elementor-grid-item\">\n\t\t\t\t\t\t<div\n\t\t\t\t\t\t\tclass=\"elementor-share-btn elementor-share-btn_whatsapp\"\n\t\t\t\t\t\t\trole=\"button\"\n\t\t\t\t\t\t\ttabindex=\"0\"\n\t\t\t\t\t\t\taria-label=\"Share on whatsapp\"\n\t\t\t\t\t\t>\n\t\t\t\t\t\t\t\t\t\t\t\t\t\t\t<span class=\"elementor-share-btn__icon\">\n\t\t\t\t\t\t\t\t<i class=\"fab fa-whatsapp\" aria-hidden=\"true\"><\/i>\t\t\t\t\t\t\t<\/span>\n\t\t\t\t\t\t\t\t\t\t\t\t\t\t\t\t\t\t\t\t\t\t<div class=\"elementor-share-btn__text\">\n\t\t\t\t\t\t\t\t\t\t\t\t\t\t\t\t\t\t\t<span class=\"elementor-share-btn__title\">\n\t\t\t\t\t\t\t\t\t\tWhatsApp\t\t\t\t\t\t\t\t\t<\/span>\n\t\t\t\t\t\t\t\t\t\t\t\t\t\t\t\t\t<\/div>\n\t\t\t\t\t\t\t\t\t\t\t\t\t<\/div>\n\t\t\t\t\t<\/div>\n\t\t\t\t\t\t<\/div>\n\t\t\t\t\t\t<\/div>\n\t\t\t\t<\/div>\n\t\t\t\t\t<\/div>\n\t\t<\/div>\n\t\t\t\t\t<\/div>\n\t\t<\/section>\n\t\t\t\t\t<\/div>\n\t\t<\/div>\n\t\t\t\t\t<\/div>\n\t\t<\/section>\n\t\t\t\t<\/div>","protected":false},"excerpt":{"rendered":"<p>QUI\u00c9NES SOMOS Doris Travels and Tours Doris Travel and Tours es una empresa multiservicios especializada en atender a la comunidad hispano-latina de East Boston. Facebook-f<\/p>","protected":false},"author":1,"featured_media":0,"parent":0,"menu_order":0,"comment_status":"closed","ping_status":"closed","template":"elementor_header_footer","meta":{"footnotes":""},"class_list":["post-420","page","type-page","status-publish","hentry","entry"],"_links":{"self":[{"href":"https:\/\/doristravels.com\/en\/wp-json\/wp\/v2\/pages\/420","targetHints":{"allow":["GET"]}}],"collection":[{"href":"https:\/\/doristravels.com\/en\/wp-json\/wp\/v2\/pages"}],"about":[{"href":"https:\/\/doristravels.com\/en\/wp-json\/wp\/v2\/types\/page"}],"author":[{"embeddable":true,"href":"https:\/\/doristravels.com\/en\/wp-json\/wp\/v2\/users\/1"}],"replies":[{"embeddable":true,"href":"https:\/\/doristravels.com\/en\/wp-json\/wp\/v2\/comments?post=420"}],"version-history":[{"count":28,"href":"https:\/\/doristravels.com\/en\/wp-json\/wp\/v2\/pages\/420\/revisions"}],"predecessor-version":[{"id":561,"href":"https:\/\/doristravels.com\/en\/wp-json\/wp\/v2\/pages\/420\/revisions\/561"}],"wp:attachment":[{"href":"https:\/\/doristravels.com\/en\/wp-json\/wp\/v2\/media?parent=420"}],"curies":[{"name":"wp","href":"https:\/\/api.w.org\/{rel}","templated":true}]}}